{"id":1346,"date":"2022-03-31T10:28:54","date_gmt":"2022-03-31T08:28:54","guid":{"rendered":"https:\/\/www.hotelcrnivrh.rs\/specijalne-ponude\/"},"modified":"2026-05-07T12:24:51","modified_gmt":"2026-05-07T10:24:51","slug":"special-offers","status":"publish","type":"page","link":"https:\/\/hotel-n.rs\/en\/special-offers\/","title":{"rendered":"Special offers"},"content":{"rendered":"\n<p><em>Odmor uz vino i slikanje!<\/em><\/p>\n\n<p>Rezervi\u0161ite jedno no\u0107enje u aprilu za specijalno iskustvo boravka! Subota, <strong>20-21. april<\/strong>: DiWine Experience paket &#8211; za prave ljubitelje vina!<\/p>\n\n<p>Paket uklju\u010duje:<\/p>\n\n<ul class=\"has-black-color has-white-background-color has-text-color has-background has-link-color wp-block-list wp-elements-3087ca2d144a5817147827d7ee15844b\">\n<li>u\u010de\u0161\u0107e na <strong>Vinskom salonu<\/strong> \/ trajanje: od 15 do 20h<\/li>\n\n\n\n<li>u\u010de\u0161\u0107e na radionici Vinski bonton &#8211; predava\u010d <strong>Wine Therapy Serbia<\/strong><\/li>\n\n\n\n<li>u\u010de\u0161\u0107e na radionici <strong>Slikaj &amp; Cirkaj<\/strong> \/ trajanje: od 20 do 23h<\/li>\n\n\n\n<li>jedno no\u0107enje uz <strong>late check-out<\/strong> do 16h<\/li>\n\n\n\n<li>polupansionska usluga<\/li>\n\n\n\n<li>kori\u0161\u0107enje spa centra<\/li>\n\n\n\n<li>rekreativna \u0161etnja<\/li>\n\n\n\n<li>igraonica<\/li>\n\n\n\n<li>teretana<\/li>\n<\/ul>\n","protected":false},"excerpt":{"rendered":"<p>Odmor uz vino i slikanje! Rezervi\u0161ite jedno no\u0107enje u aprilu za specijalno iskustvo boravka! Subota, 20-21. april: DiWine Experience paket &#8211; za prave ljubitelje vina! Paket uklju\u010duje:<\/p>\n","protected":false},"author":1,"featured_media":3468,"parent":0,"menu_order":0,"comment_status":"closed","ping_status":"closed","template":"templates\/template-spec.php","meta":{"footnotes":""},"class_list":["post-1346","page","type-page","status-publish","has-post-thumbnail","hentry"],"acf":[],"aioseo_notices":[],"_links":{"self":[{"href":"https:\/\/hotel-n.rs\/en\/wp-json\/wp\/v2\/pages\/1346","targetHints":{"allow":["GET"]}}],"collection":[{"href":"https:\/\/hotel-n.rs\/en\/wp-json\/wp\/v2\/pages"}],"about":[{"href":"https:\/\/hotel-n.rs\/en\/wp-json\/wp\/v2\/types\/page"}],"author":[{"embeddable":true,"href":"https:\/\/hotel-n.rs\/en\/wp-json\/wp\/v2\/users\/1"}],"replies":[{"embeddable":true,"href":"https:\/\/hotel-n.rs\/en\/wp-json\/wp\/v2\/comments?post=1346"}],"version-history":[{"count":2,"href":"https:\/\/hotel-n.rs\/en\/wp-json\/wp\/v2\/pages\/1346\/revisions"}],"predecessor-version":[{"id":3583,"href":"https:\/\/hotel-n.rs\/en\/wp-json\/wp\/v2\/pages\/1346\/revisions\/3583"}],"wp:featuredmedia":[{"embeddable":true,"href":"https:\/\/hotel-n.rs\/en\/wp-json\/wp\/v2\/media\/3468"}],"wp:attachment":[{"href":"https:\/\/hotel-n.rs\/en\/wp-json\/wp\/v2\/media?parent=1346"}],"curies":[{"name":"wp","href":"https:\/\/api.w.org\/{rel}","templated":true}]}}